{"id":1185,"date":"2025-01-29T17:57:03","date_gmt":"2025-01-29T17:57:03","guid":{"rendered":"https:\/\/photo.michelschmidlin.com\/?page_id=1185"},"modified":"2025-03-22T10:17:17","modified_gmt":"2025-03-22T10:17:17","slug":"power","status":"publish","type":"page","link":"https:\/\/michelschmidlin.com\/de\/power\/","title":{"rendered":"Power"},"content":{"rendered":"\r\n<p class=\"has-text-align-center is-style-text-display is-style-text-display--1\">Power<\/p>\r\nIn meinem allerersten fotografischen Projekt, <a href=\"https:\/\/michelschmidlin.com\/homo-technologicus\/\">Homo technologicus<\/a>, konzentrierte ich mich auf die Nutzung elektrischer Technologie in unserem Alltag. Dabei stellte ich eine allgegenw\u00e4rtige Pr\u00e4senz von Ger\u00e4ten fest, die elektrische Energie ben\u00f6tigen. Dies f\u00fchrt nat\u00fcrlich zu einem unaufh\u00f6rlichen Hunger nach Strom. Da Energie unsichtbar ist, fragen wir uns nur selten, wo sie eigentlich herkommt \u2013 wir stecken unsere Ger\u00e4te einfach in die n\u00e4chste Steckdose.\r\n\r\nIn dieser Serie habe ich mich auf die direkten Auswirkungen unseres Stromhungers auf nat\u00fcrliche Landschaften konzentriert, insbesondere in der Schweiz. Woher kommt diese Energie, wie wird sie transportiert und welche Folgen haben diese Prozesse f\u00fcr unsere Umwelt? Diese Fragen standen im Mittelpunkt meiner Arbeit an dieser Serie.\r\n\r\n \r\n<figure class=\"wp-block-gallery alignfull has-nested-images columns-default wp-block-gallery-2 is-layout-flex wp-block-gallery-is-layout-flex\">\r\n<figure class=\"wp-block-image size-large\"><a href=\"https:\/\/michelschmidlin.com\/wp-content\/uploads\/2025\/01\/Power_020.avif\"><img loading=\"lazy\" decoding=\"async\" width=\"1024\" height=\"683\" data-id=\"1089\" class=\"wp-image-1089\" src=\"https:\/\/michelschmidlin.com\/wp-content\/uploads\/2025\/01\/Power_020-1024x683.jpg\" alt=\"\" srcset=\"https:\/\/michelschmidlin.com\/wp-content\/uploads\/2025\/01\/Power_020-1024x683.jpg 1024w, https:\/\/michelschmidlin.com\/wp-content\/uploads\/2025\/01\/Power_020-300x200.jpg 300w, https:\/\/michelschmidlin.com\/wp-content\/uploads\/2025\/01\/Power_020-768x512.jpg 768w, https:\/\/michelschmidlin.com\/wp-content\/uploads\/2025\/01\/Power_020-1536x1025.jpg 1536w, https:\/\/michelschmidlin.com\/wp-content\/uploads\/2025\/01\/Power_020-2048x1366.jpg 2048w\" sizes=\"auto, (max-width: 1024px) 100vw, 1024px\" \/><\/a><\/figure>\r\n \r\n<figure class=\"wp-block-image size-large\"><a href=\"https:\/\/michelschmidlin.com\/wp-content\/uploads\/2025\/01\/Power_019.avif\"><img loading=\"lazy\" decoding=\"async\" width=\"1024\" height=\"683\" data-id=\"1088\" class=\"wp-image-1088\" src=\"https:\/\/michelschmidlin.com\/wp-content\/uploads\/2025\/01\/Power_019-1024x683.jpg\" alt=\"\" srcset=\"https:\/\/michelschmidlin.com\/wp-content\/uploads\/2025\/01\/Power_019-1024x683.jpg 1024w, https:\/\/michelschmidlin.com\/wp-content\/uploads\/2025\/01\/Power_019-300x200.jpg 300w, https:\/\/michelschmidlin.com\/wp-content\/uploads\/2025\/01\/Power_019-768x512.jpg 768w, https:\/\/michelschmidlin.com\/wp-content\/uploads\/2025\/01\/Power_019-1536x1025.jpg 1536w, https:\/\/michelschmidlin.com\/wp-content\/uploads\/2025\/01\/Power_019-2048x1366.jpg 2048w\" sizes=\"auto, (max-width: 1024px) 100vw, 1024px\" \/><\/a><\/figure>\r\n \r\n<figure class=\"wp-block-image size-large\"><a href=\"https:\/\/michelschmidlin.com\/wp-content\/uploads\/2025\/01\/Power_018.avif\"><img loading=\"lazy\" decoding=\"async\" width=\"1024\" height=\"683\" data-id=\"1087\" class=\"wp-image-1087\" src=\"https:\/\/michelschmidlin.com\/wp-content\/uploads\/2025\/01\/Power_018-1024x683.jpg\" alt=\"\" srcset=\"https:\/\/michelschmidlin.com\/wp-content\/uploads\/2025\/01\/Power_018-1024x683.jpg 1024w, https:\/\/michelschmidlin.com\/wp-content\/uploads\/2025\/01\/Power_018-300x200.jpg 300w, https:\/\/michelschmidlin.com\/wp-content\/uploads\/2025\/01\/Power_018-768x512.jpg 768w, https:\/\/michelschmidlin.com\/wp-content\/uploads\/2025\/01\/Power_018-1536x1024.jpg 1536w, https:\/\/michelschmidlin.com\/wp-content\/uploads\/2025\/01\/Power_018-2048x1366.jpg 2048w\" sizes=\"auto, (max-width: 1024px) 100vw, 1024px\" \/><\/a><\/figure>\r\n \r\n<figure class=\"wp-block-image size-large\"><a href=\"https:\/\/michelschmidlin.com\/wp-content\/uploads\/2025\/01\/Power_017.avif\"><img loading=\"lazy\" decoding=\"async\" width=\"1024\" height=\"683\" data-id=\"1086\" class=\"wp-image-1086\" src=\"https:\/\/michelschmidlin.com\/wp-content\/uploads\/2025\/01\/Power_017-1024x683.jpg\" alt=\"\" srcset=\"https:\/\/michelschmidlin.com\/wp-content\/uploads\/2025\/01\/Power_017-1024x683.jpg 1024w, https:\/\/michelschmidlin.com\/wp-content\/uploads\/2025\/01\/Power_017-300x200.jpg 300w, https:\/\/michelschmidlin.com\/wp-content\/uploads\/2025\/01\/Power_017-768x512.jpg 768w, https:\/\/michelschmidlin.com\/wp-content\/uploads\/2025\/01\/Power_017-1536x1024.jpg 1536w, https:\/\/michelschmidlin.com\/wp-content\/uploads\/2025\/01\/Power_017-2048x1366.jpg 2048w\" sizes=\"auto, (max-width: 1024px) 100vw, 1024px\" \/><\/a><\/figure>\r\n \r\n<figure class=\"wp-block-image size-large\"><a href=\"https:\/\/michelschmidlin.com\/wp-content\/uploads\/2025\/01\/Power_016.avif\"><img loading=\"lazy\" decoding=\"async\" width=\"1024\" height=\"683\" data-id=\"1085\" class=\"wp-image-1085\" src=\"https:\/\/michelschmidlin.com\/wp-content\/uploads\/2025\/01\/Power_016-1024x683.jpg\" alt=\"\" srcset=\"https:\/\/michelschmidlin.com\/wp-content\/uploads\/2025\/01\/Power_016-1024x683.jpg 1024w, https:\/\/michelschmidlin.com\/wp-content\/uploads\/2025\/01\/Power_016-300x200.jpg 300w, https:\/\/michelschmidlin.com\/wp-content\/uploads\/2025\/01\/Power_016-768x512.jpg 768w, https:\/\/michelschmidlin.com\/wp-content\/uploads\/2025\/01\/Power_016-1536x1024.jpg 1536w, https:\/\/michelschmidlin.com\/wp-content\/uploads\/2025\/01\/Power_016-2048x1366.jpg 2048w\" sizes=\"auto, (max-width: 1024px) 100vw, 1024px\" \/><\/a><\/figure>\r\n \r\n<figure class=\"wp-block-image size-large\"><a href=\"https:\/\/michelschmidlin.com\/wp-content\/uploads\/2025\/01\/Power_015.avif\"><img loading=\"lazy\" decoding=\"async\" width=\"1024\" height=\"683\" data-id=\"1084\" class=\"wp-image-1084\" src=\"https:\/\/michelschmidlin.com\/wp-content\/uploads\/2025\/01\/Power_015-1024x683.jpg\" alt=\"\" srcset=\"https:\/\/michelschmidlin.com\/wp-content\/uploads\/2025\/01\/Power_015-1024x683.jpg 1024w, https:\/\/michelschmidlin.com\/wp-content\/uploads\/2025\/01\/Power_015-300x200.jpg 300w, https:\/\/michelschmidlin.com\/wp-content\/uploads\/2025\/01\/Power_015-768x512.jpg 768w, https:\/\/michelschmidlin.com\/wp-content\/uploads\/2025\/01\/Power_015-1536x1024.jpg 1536w, https:\/\/michelschmidlin.com\/wp-content\/uploads\/2025\/01\/Power_015-2048x1366.jpg 2048w\" sizes=\"auto, (max-width: 1024px) 100vw, 1024px\" \/><\/a><\/figure>\r\n \r\n<figure class=\"wp-block-image size-large\"><a href=\"https:\/\/michelschmidlin.com\/wp-content\/uploads\/2025\/01\/Power_014.avif\"><img loading=\"lazy\" decoding=\"async\" width=\"1024\" height=\"683\" data-id=\"1083\" class=\"wp-image-1083\" src=\"https:\/\/michelschmidlin.com\/wp-content\/uploads\/2025\/01\/Power_014-1024x683.jpg\" alt=\"\" srcset=\"https:\/\/michelschmidlin.com\/wp-content\/uploads\/2025\/01\/Power_014-1024x683.jpg 1024w, https:\/\/michelschmidlin.com\/wp-content\/uploads\/2025\/01\/Power_014-300x200.jpg 300w, https:\/\/michelschmidlin.com\/wp-content\/uploads\/2025\/01\/Power_014-768x512.jpg 768w, https:\/\/michelschmidlin.com\/wp-content\/uploads\/2025\/01\/Power_014-1536x1024.jpg 1536w, https:\/\/michelschmidlin.com\/wp-content\/uploads\/2025\/01\/Power_014-2048x1366.jpg 2048w\" sizes=\"auto, (max-width: 1024px) 100vw, 1024px\" \/><\/a><\/figure>\r\n \r\n<figure class=\"wp-block-image size-large\"><a href=\"https:\/\/michelschmidlin.com\/wp-content\/uploads\/2025\/01\/Power_013.avif\"><img loading=\"lazy\" decoding=\"async\" width=\"819\" height=\"1024\" data-id=\"1082\" class=\"wp-image-1082\" src=\"https:\/\/michelschmidlin.com\/wp-content\/uploads\/2025\/01\/Power_013-819x1024.jpg\" alt=\"\" srcset=\"https:\/\/michelschmidlin.com\/wp-content\/uploads\/2025\/01\/Power_013-819x1024.jpg 819w, https:\/\/michelschmidlin.com\/wp-content\/uploads\/2025\/01\/Power_013-240x300.jpg 240w, https:\/\/michelschmidlin.com\/wp-content\/uploads\/2025\/01\/Power_013-768x960.jpg 768w, https:\/\/michelschmidlin.com\/wp-content\/uploads\/2025\/01\/Power_013-1229x1536.jpg 1229w, https:\/\/michelschmidlin.com\/wp-content\/uploads\/2025\/01\/Power_013-1638x2048.jpg 1638w, https:\/\/michelschmidlin.com\/wp-content\/uploads\/2025\/01\/Power_013.avif 2048w\" sizes=\"auto, (max-width: 819px) 100vw, 819px\" \/><\/a><\/figure>\r\n \r\n<figure class=\"wp-block-image size-large\"><a href=\"https:\/\/michelschmidlin.com\/wp-content\/uploads\/2025\/01\/Power_012.avif\"><img loading=\"lazy\" decoding=\"async\" width=\"1024\" height=\"683\" data-id=\"1081\" class=\"wp-image-1081\" src=\"https:\/\/michelschmidlin.com\/wp-content\/uploads\/2025\/01\/Power_012-1024x683.jpg\" alt=\"\" srcset=\"https:\/\/michelschmidlin.com\/wp-content\/uploads\/2025\/01\/Power_012-1024x683.jpg 1024w, https:\/\/michelschmidlin.com\/wp-content\/uploads\/2025\/01\/Power_012-300x200.jpg 300w, https:\/\/michelschmidlin.com\/wp-content\/uploads\/2025\/01\/Power_012-768x512.jpg 768w, https:\/\/michelschmidlin.com\/wp-content\/uploads\/2025\/01\/Power_012-1536x1024.jpg 1536w, https:\/\/michelschmidlin.com\/wp-content\/uploads\/2025\/01\/Power_012-2048x1366.jpg 2048w\" sizes=\"auto, (max-width: 1024px) 100vw, 1024px\" \/><\/a><\/figure>\r\n \r\n<figure class=\"wp-block-image size-large\"><a href=\"https:\/\/michelschmidlin.com\/wp-content\/uploads\/2025\/01\/Power_011.avif\"><img loading=\"lazy\" decoding=\"async\" width=\"1024\" height=\"1024\" data-id=\"1080\" class=\"wp-image-1080\" src=\"https:\/\/michelschmidlin.com\/wp-content\/uploads\/2025\/01\/Power_011-1024x1024.jpg\" alt=\"\" srcset=\"https:\/\/michelschmidlin.com\/wp-content\/uploads\/2025\/01\/Power_011-1024x1024.jpg 1024w, https:\/\/michelschmidlin.com\/wp-content\/uploads\/2025\/01\/Power_011-300x300.jpg 300w, https:\/\/michelschmidlin.com\/wp-content\/uploads\/2025\/01\/Power_011-150x150.jpg 150w, https:\/\/michelschmidlin.com\/wp-content\/uploads\/2025\/01\/Power_011-768x768.jpg 768w, https:\/\/michelschmidlin.com\/wp-content\/uploads\/2025\/01\/Power_011-1536x1536.jpg 1536w, https:\/\/michelschmidlin.com\/wp-content\/uploads\/2025\/01\/Power_011-2048x2048.jpg 2048w\" sizes=\"auto, (max-width: 1024px) 100vw, 1024px\" \/><\/a><\/figure>\r\n \r\n<figure class=\"wp-block-image size-large\"><a href=\"https:\/\/michelschmidlin.com\/wp-content\/uploads\/2025\/01\/Power_010.avif\"><img loading=\"lazy\" decoding=\"async\" width=\"819\" height=\"1024\" data-id=\"1079\" class=\"wp-image-1079\" src=\"https:\/\/michelschmidlin.com\/wp-content\/uploads\/2025\/01\/Power_010-819x1024.jpg\" alt=\"\" srcset=\"https:\/\/michelschmidlin.com\/wp-content\/uploads\/2025\/01\/Power_010-819x1024.jpg 819w, https:\/\/michelschmidlin.com\/wp-content\/uploads\/2025\/01\/Power_010-240x300.jpg 240w, https:\/\/michelschmidlin.com\/wp-content\/uploads\/2025\/01\/Power_010-768x960.jpg 768w, https:\/\/michelschmidlin.com\/wp-content\/uploads\/2025\/01\/Power_010-1229x1536.jpg 1229w, https:\/\/michelschmidlin.com\/wp-content\/uploads\/2025\/01\/Power_010-1638x2048.jpg 1638w, https:\/\/michelschmidlin.com\/wp-content\/uploads\/2025\/01\/Power_010.avif 2048w\" sizes=\"auto, (max-width: 819px) 100vw, 819px\" \/><\/a><\/figure>\r\n \r\n<figure class=\"wp-block-image size-large\"><a href=\"https:\/\/michelschmidlin.com\/wp-content\/uploads\/2025\/01\/Power_009.avif\"><img loading=\"lazy\" decoding=\"async\" width=\"1024\" height=\"683\" data-id=\"1078\" class=\"wp-image-1078\" src=\"https:\/\/michelschmidlin.com\/wp-content\/uploads\/2025\/01\/Power_009-1024x683.jpg\" alt=\"\" srcset=\"https:\/\/michelschmidlin.com\/wp-content\/uploads\/2025\/01\/Power_009-1024x683.jpg 1024w, https:\/\/michelschmidlin.com\/wp-content\/uploads\/2025\/01\/Power_009-300x200.jpg 300w, https:\/\/michelschmidlin.com\/wp-content\/uploads\/2025\/01\/Power_009-768x512.jpg 768w, https:\/\/michelschmidlin.com\/wp-content\/uploads\/2025\/01\/Power_009-1536x1024.jpg 1536w, https:\/\/michelschmidlin.com\/wp-content\/uploads\/2025\/01\/Power_009-2048x1366.jpg 2048w\" sizes=\"auto, (max-width: 1024px) 100vw, 1024px\" \/><\/a><\/figure>\r\n \r\n<figure class=\"wp-block-image size-large\"><a href=\"https:\/\/michelschmidlin.com\/wp-content\/uploads\/2025\/01\/Power_008.avif\"><img loading=\"lazy\" decoding=\"async\" width=\"1024\" height=\"683\" data-id=\"1077\" class=\"wp-image-1077\" src=\"https:\/\/michelschmidlin.com\/wp-content\/uploads\/2025\/01\/Power_008-1024x683.jpg\" alt=\"\" srcset=\"https:\/\/michelschmidlin.com\/wp-content\/uploads\/2025\/01\/Power_008-1024x683.jpg 1024w, https:\/\/michelschmidlin.com\/wp-content\/uploads\/2025\/01\/Power_008-300x200.jpg 300w, https:\/\/michelschmidlin.com\/wp-content\/uploads\/2025\/01\/Power_008-768x512.jpg 768w, https:\/\/michelschmidlin.com\/wp-content\/uploads\/2025\/01\/Power_008-1536x1024.jpg 1536w, https:\/\/michelschmidlin.com\/wp-content\/uploads\/2025\/01\/Power_008-2048x1366.jpg 2048w\" sizes=\"auto, (max-width: 1024px) 100vw, 1024px\" \/><\/a><\/figure>\r\n \r\n<figure class=\"wp-block-image size-large\"><a href=\"https:\/\/michelschmidlin.com\/wp-content\/uploads\/2025\/01\/Power_007.avif\"><img loading=\"lazy\" decoding=\"async\" width=\"1024\" height=\"683\" data-id=\"1076\" class=\"wp-image-1076\" src=\"https:\/\/michelschmidlin.com\/wp-content\/uploads\/2025\/01\/Power_007-1024x683.jpg\" alt=\"\" srcset=\"https:\/\/michelschmidlin.com\/wp-content\/uploads\/2025\/01\/Power_007-1024x683.jpg 1024w, https:\/\/michelschmidlin.com\/wp-content\/uploads\/2025\/01\/Power_007-300x200.jpg 300w, https:\/\/michelschmidlin.com\/wp-content\/uploads\/2025\/01\/Power_007-768x512.jpg 768w, https:\/\/michelschmidlin.com\/wp-content\/uploads\/2025\/01\/Power_007-1536x1024.jpg 1536w, https:\/\/michelschmidlin.com\/wp-content\/uploads\/2025\/01\/Power_007-2048x1366.jpg 2048w\" sizes=\"auto, (max-width: 1024px) 100vw, 1024px\" \/><\/a><\/figure>\r\n \r\n<figure class=\"wp-block-image size-large\"><a href=\"https:\/\/michelschmidlin.com\/wp-content\/uploads\/2025\/01\/Power_006.avif\"><img loading=\"lazy\" decoding=\"async\" width=\"1024\" height=\"683\" data-id=\"1075\" class=\"wp-image-1075\" src=\"https:\/\/michelschmidlin.com\/wp-content\/uploads\/2025\/01\/Power_006-1024x683.jpg\" alt=\"\" srcset=\"https:\/\/michelschmidlin.com\/wp-content\/uploads\/2025\/01\/Power_006-1024x683.jpg 1024w, https:\/\/michelschmidlin.com\/wp-content\/uploads\/2025\/01\/Power_006-300x200.jpg 300w, https:\/\/michelschmidlin.com\/wp-content\/uploads\/2025\/01\/Power_006-768x512.jpg 768w, https:\/\/michelschmidlin.com\/wp-content\/uploads\/2025\/01\/Power_006-1536x1025.jpg 1536w, https:\/\/michelschmidlin.com\/wp-content\/uploads\/2025\/01\/Power_006-2048x1366.jpg 2048w\" sizes=\"auto, (max-width: 1024px) 100vw, 1024px\" \/><\/a><\/figure>\r\n \r\n<figure class=\"wp-block-image size-large\"><a href=\"https:\/\/michelschmidlin.com\/wp-content\/uploads\/2025\/01\/Power_005.avif\"><img loading=\"lazy\" decoding=\"async\" width=\"1024\" height=\"683\" data-id=\"1074\" class=\"wp-image-1074\" src=\"https:\/\/michelschmidlin.com\/wp-content\/uploads\/2025\/01\/Power_005-1024x683.jpg\" alt=\"\" srcset=\"https:\/\/michelschmidlin.com\/wp-content\/uploads\/2025\/01\/Power_005-1024x683.jpg 1024w, https:\/\/michelschmidlin.com\/wp-content\/uploads\/2025\/01\/Power_005-300x200.jpg 300w, https:\/\/michelschmidlin.com\/wp-content\/uploads\/2025\/01\/Power_005-768x512.jpg 768w, https:\/\/michelschmidlin.com\/wp-content\/uploads\/2025\/01\/Power_005-1536x1024.jpg 1536w, https:\/\/michelschmidlin.com\/wp-content\/uploads\/2025\/01\/Power_005-2048x1366.jpg 2048w\" sizes=\"auto, (max-width: 1024px) 100vw, 1024px\" \/><\/a><\/figure>\r\n \r\n<figure class=\"wp-block-image size-large\"><a href=\"https:\/\/michelschmidlin.com\/wp-content\/uploads\/2025\/01\/Power_004.avif\"><img loading=\"lazy\" decoding=\"async\" width=\"1024\" height=\"683\" data-id=\"1073\" class=\"wp-image-1073\" src=\"https:\/\/michelschmidlin.com\/wp-content\/uploads\/2025\/01\/Power_004-1024x683.jpg\" alt=\"\" srcset=\"https:\/\/michelschmidlin.com\/wp-content\/uploads\/2025\/01\/Power_004-1024x683.jpg 1024w, https:\/\/michelschmidlin.com\/wp-content\/uploads\/2025\/01\/Power_004-300x200.jpg 300w, https:\/\/michelschmidlin.com\/wp-content\/uploads\/2025\/01\/Power_004-768x512.jpg 768w, https:\/\/michelschmidlin.com\/wp-content\/uploads\/2025\/01\/Power_004-1536x1024.jpg 1536w, https:\/\/michelschmidlin.com\/wp-content\/uploads\/2025\/01\/Power_004-2048x1366.jpg 2048w\" sizes=\"auto, (max-width: 1024px) 100vw, 1024px\" \/><\/a><\/figure>\r\n \r\n<figure class=\"wp-block-image size-large\"><a href=\"https:\/\/michelschmidlin.com\/wp-content\/uploads\/2025\/01\/Power_003.avif\"><img loading=\"lazy\" decoding=\"async\" width=\"1024\" height=\"540\" data-id=\"1072\" class=\"wp-image-1072\" src=\"https:\/\/michelschmidlin.com\/wp-content\/uploads\/2025\/01\/Power_003-1024x540.jpg\" alt=\"\" srcset=\"https:\/\/michelschmidlin.com\/wp-content\/uploads\/2025\/01\/Power_003-1024x540.jpg 1024w, https:\/\/michelschmidlin.com\/wp-content\/uploads\/2025\/01\/Power_003-300x158.jpg 300w, https:\/\/michelschmidlin.com\/wp-content\/uploads\/2025\/01\/Power_003-768x405.jpg 768w, https:\/\/michelschmidlin.com\/wp-content\/uploads\/2025\/01\/Power_003-1536x810.jpg 1536w, https:\/\/michelschmidlin.com\/wp-content\/uploads\/2025\/01\/Power_003-2048x1080.jpg 2048w\" sizes=\"auto, (max-width: 1024px) 100vw, 1024px\" \/><\/a><\/figure>\r\n \r\n<figure class=\"wp-block-image size-large\"><a href=\"https:\/\/michelschmidlin.com\/wp-content\/uploads\/2025\/01\/Power_002.avif\"><img loading=\"lazy\" decoding=\"async\" width=\"1024\" height=\"683\" data-id=\"1071\" class=\"wp-image-1071\" src=\"https:\/\/michelschmidlin.com\/wp-content\/uploads\/2025\/01\/Power_002-1024x683.jpg\" alt=\"\" srcset=\"https:\/\/michelschmidlin.com\/wp-content\/uploads\/2025\/01\/Power_002-1024x683.jpg 1024w, https:\/\/michelschmidlin.com\/wp-content\/uploads\/2025\/01\/Power_002-300x200.jpg 300w, https:\/\/michelschmidlin.com\/wp-content\/uploads\/2025\/01\/Power_002-768x512.jpg 768w, https:\/\/michelschmidlin.com\/wp-content\/uploads\/2025\/01\/Power_002-1536x1024.jpg 1536w, https:\/\/michelschmidlin.com\/wp-content\/uploads\/2025\/01\/Power_002-2048x1366.jpg 2048w\" sizes=\"auto, (max-width: 1024px) 100vw, 1024px\" \/><\/a><\/figure>\r\n \r\n<figure class=\"wp-block-image size-large\"><a href=\"https:\/\/michelschmidlin.com\/wp-content\/uploads\/2025\/01\/Power_001.avif\"><img loading=\"lazy\" decoding=\"async\" width=\"819\" height=\"1024\" data-id=\"1070\" class=\"wp-image-1070\" src=\"https:\/\/michelschmidlin.com\/wp-content\/uploads\/2025\/01\/Power_001-819x1024.jpg\" alt=\"\" srcset=\"https:\/\/michelschmidlin.com\/wp-content\/uploads\/2025\/01\/Power_001-819x1024.jpg 819w, https:\/\/michelschmidlin.com\/wp-content\/uploads\/2025\/01\/Power_001-240x300.jpg 240w, https:\/\/michelschmidlin.com\/wp-content\/uploads\/2025\/01\/Power_001-768x960.jpg 768w, https:\/\/michelschmidlin.com\/wp-content\/uploads\/2025\/01\/Power_001-1229x1536.jpg 1229w, https:\/\/michelschmidlin.com\/wp-content\/uploads\/2025\/01\/Power_001-1638x2048.jpg 1638w, https:\/\/michelschmidlin.com\/wp-content\/uploads\/2025\/01\/Power_001.avif 2048w\" sizes=\"auto, (max-width: 819px) 100vw, 819px\" \/><\/a><\/figure>\r\n<\/figure>\r\n","protected":false},"excerpt":{"rendered":"<p>Power In meinem allerersten fotografischen Projekt, Homo technologicus, konzentrierte ich mich auf die Nutzung elektrischer Technologie in unserem Alltag. Dabei stellte ich eine allgegenw\u00e4rtige Pr\u00e4senz von Ger\u00e4ten fest, die elektrische Energie ben\u00f6tigen. Dies f\u00fchrt nat\u00fcrlich zu einem unaufh\u00f6rlichen Hunger nach Strom. Da Energie unsichtbar ist, fragen wir uns nur selten, wo sie eigentlich herkommt \u2013 [&hellip;]<\/p>\n","protected":false},"author":1,"featured_media":0,"parent":0,"menu_order":0,"comment_status":"closed","ping_status":"closed","template":"","meta":{"iawp_total_views":10,"footnotes":""},"class_list":["post-1185","page","type-page","status-publish","hentry"],"_links":{"self":[{"href":"https:\/\/michelschmidlin.com\/de\/wp-json\/wp\/v2\/pages\/1185","targetHints":{"allow":["GET"]}}],"collection":[{"href":"https:\/\/michelschmidlin.com\/de\/wp-json\/wp\/v2\/pages"}],"about":[{"href":"https:\/\/michelschmidlin.com\/de\/wp-json\/wp\/v2\/types\/page"}],"author":[{"embeddable":true,"href":"https:\/\/michelschmidlin.com\/de\/wp-json\/wp\/v2\/users\/1"}],"replies":[{"embeddable":true,"href":"https:\/\/michelschmidlin.com\/de\/wp-json\/wp\/v2\/comments?post=1185"}],"version-history":[{"count":4,"href":"https:\/\/michelschmidlin.com\/de\/wp-json\/wp\/v2\/pages\/1185\/revisions"}],"predecessor-version":[{"id":1465,"href":"https:\/\/michelschmidlin.com\/de\/wp-json\/wp\/v2\/pages\/1185\/revisions\/1465"}],"wp:attachment":[{"href":"https:\/\/michelschmidlin.com\/de\/wp-json\/wp\/v2\/media?parent=1185"}],"curies":[{"name":"wp","href":"https:\/\/api.w.org\/{rel}","templated":true}]}}