{"id":12,"date":"2024-12-22T04:14:37","date_gmt":"2024-12-22T04:14:37","guid":{"rendered":"https:\/\/photo.michelschmidlin.com\/?page_id=12"},"modified":"2025-03-22T10:02:43","modified_gmt":"2025-03-22T10:02:43","slug":"about-me","status":"publish","type":"page","link":"https:\/\/michelschmidlin.com\/de\/about-me\/","title":{"rendered":"\u00dcber mich"},"content":{"rendered":"\r\n<div class=\"wp-block-cover alignfull is-light has-contrast-color has-text-color has-link-color wp-elements-099a6bcbf10c273e1bb7d99c48b5a7c2\" style=\"margin-top: 0; margin-bottom: 0; padding: var(--wp--preset--spacing--60) var(--wp--preset--spacing--50) var(--wp--preset--spacing--60) var(--wp--preset--spacing--50);\">\r\n<div class=\"wp-block-cover__inner-container has-global-padding is-layout-constrained wp-container-core-cover-is-layout-873ee6b1 wp-block-cover-is-layout-constrained\">\r\n\r\n\r\n<div class=\"wp-block-columns alignwide is-layout-flex wp-container-core-columns-is-layout-7ee84d44 wp-block-columns-is-layout-flex\">\r\n\r\n\r\n<div class=\"wp-block-column is-layout-flow wp-block-column-is-layout-flow\" style=\"flex-basis: 33.33%;\">\r\n\r\n\r\n<figure class=\"wp-block-image size-large\"><img loading=\"lazy\" decoding=\"async\" width=\"1024\" height=\"1024\" class=\"wp-image-15\" src=\"https:\/\/michelschmidlin.com\/wp-content\/uploads\/2024\/12\/About-me-1024x1024.jpg\" alt=\"\" srcset=\"https:\/\/michelschmidlin.com\/wp-content\/uploads\/2024\/12\/About-me-1024x1024.jpg 1024w, https:\/\/michelschmidlin.com\/wp-content\/uploads\/2024\/12\/About-me-300x300.jpg 300w, https:\/\/michelschmidlin.com\/wp-content\/uploads\/2024\/12\/About-me-150x150.jpg 150w, https:\/\/michelschmidlin.com\/wp-content\/uploads\/2024\/12\/About-me-768x768.jpg 768w, https:\/\/michelschmidlin.com\/wp-content\/uploads\/2024\/12\/About-me-1536x1536.jpg 1536w, https:\/\/michelschmidlin.com\/wp-content\/uploads\/2024\/12\/About-me.jpg 2048w\" sizes=\"auto, (max-width: 1024px) 100vw, 1024px\" \/><\/figure>\r\n\r\n\r\n<\/div>\r\n \r\n<div class=\"wp-block-column is-layout-flow wp-block-column-is-layout-flow\" style=\"flex-basis: 66.66%;\">\r\n\r\n\r\n<blockquote class=\"wp-block-quote is-layout-flow wp-block-quote-is-layout-flow\">\r\n<p data-start=\"0\" data-end=\"312\">Willkommen auf meiner Website. Sch\u00f6n, dass Du vorbeischaust. Ich bin Michel, die Person hinter den hier gezeigten Fotografien. Ich lebe in der Schweiz, wo ich auch die meisten Bilder auf dieser Seite aufgenommen habe. Zus\u00e4tzlich findest du hier Aufnahmen, die auf l\u00e4ngeren <a href=\"https:\/\/michelschmidlin.com\/journeys\/\">Reisen durch Amerika<\/a> entstanden sind.<\/p>\r\n<p data-start=\"314\" data-end=\"1337\">Ich begann mit der Fotografie, als ich 15 Jahre alt war, und wie viele Anf\u00e4nger fotografierte ich zun\u00e4chst alles um mich herum, ohne mich auf bestimmte Motive oder Themen zu konzentrieren. Dann bekamen wir in der Schule die Aufgabe, ein eigenes kreatives Projekt zu entwickeln. Zu dieser Zeit faszinierte mich besonders, wie Menschen mit Dingen die sie erschaffen interagieren \u2013 insbesondere mit Technologie. Ich machte es mir zur Aufgabe, diese Interaktionen im \u00f6ffentlichen Raum zu dokumentieren \u2013 Menschen, die Technologie in ihrem Alltag nutzen. Dabei wurde mir schnell klar, dass das am h\u00e4ufigsten genutzte St\u00fcck Technologie das Smartphone war. Die Menge an Aufmerksamkeit, die Menschen diesen kleinen Ger\u00e4ten schenkten, erf\u00fcllte mich zugleich mit Faszination und Verwunderung. Getrieben von diesen Gef\u00fchlen arbeitete ich mehrere Jahre weiter an meinem Projekt mit dem Titel <a href=\"https:\/\/www.michelschmidlin.com\/homo-technologicus\"><em data-start=\"1204\" data-end=\"1224\">Homo technologicus<\/em><\/a> und entwickelte dabei einen kritischen Blick f\u00fcr die Mensch-Smartphone-Interaktionen \u2013 auch f\u00fcr meine eigenen.<\/p>\r\n<p data-start=\"1339\" data-end=\"1693\">Die Beobachtung, wie viel Zeit Menschen in k\u00fcnstlichen Welten verbringen, die auf Bildschirmen unterschiedlichster Gr\u00f6\u00dfe dargestellt werden, motivierte mich dazu, einen anderen Weg einzuschlagen. F\u00fcr mich bedeutete das, mich in der Natur zu verlieren und ihre Sch\u00f6nheit zu dokumentieren. So entstand meine Leidenschaft f\u00fcr Outdoor- und Naturfotografie.<\/p>\r\n<p data-start=\"1695\" data-end=\"1972\" data-is-last-node=\"\" data-is-only-node=\"\">Nachhaltigkeit ist ein wichtiges Thema f\u00fcr mich, und ich versuche, die Auswirkungen meiner Fotografie auf unseren Planeten so gering wie m\u00f6glich zu halten. Aus diesem Grund wird diese Website auf Infrastruktur gehostet, die mit Strom aus erneuerbaren Quellen betrieben wird.<\/p>\r\n<\/blockquote>\r\n\r\n\r\n<\/div>\r\n\r\n\r\n<\/div>\r\n\r\n\r\n<\/div>\r\n<\/div>\r\n","protected":false},"excerpt":{"rendered":"<p>Willkommen auf meiner Website. Sch\u00f6n, dass Du vorbeischaust. Ich bin Michel, die Person hinter den hier gezeigten Fotografien. Ich lebe in der Schweiz, wo ich auch die meisten Bilder auf dieser Seite aufgenommen habe. Zus\u00e4tzlich findest du hier Aufnahmen, die auf l\u00e4ngeren Reisen durch Amerika entstanden sind. Ich begann mit der Fotografie, als ich 15 [&hellip;]<\/p>\n","protected":false},"author":1,"featured_media":0,"parent":0,"menu_order":0,"comment_status":"closed","ping_status":"closed","template":"","meta":{"iawp_total_views":38,"footnotes":""},"class_list":["post-12","page","type-page","status-publish","hentry"],"_links":{"self":[{"href":"https:\/\/michelschmidlin.com\/de\/wp-json\/wp\/v2\/pages\/12","targetHints":{"allow":["GET"]}}],"collection":[{"href":"https:\/\/michelschmidlin.com\/de\/wp-json\/wp\/v2\/pages"}],"about":[{"href":"https:\/\/michelschmidlin.com\/de\/wp-json\/wp\/v2\/types\/page"}],"author":[{"embeddable":true,"href":"https:\/\/michelschmidlin.com\/de\/wp-json\/wp\/v2\/users\/1"}],"replies":[{"embeddable":true,"href":"https:\/\/michelschmidlin.com\/de\/wp-json\/wp\/v2\/comments?post=12"}],"version-history":[{"count":6,"href":"https:\/\/michelschmidlin.com\/de\/wp-json\/wp\/v2\/pages\/12\/revisions"}],"predecessor-version":[{"id":1461,"href":"https:\/\/michelschmidlin.com\/de\/wp-json\/wp\/v2\/pages\/12\/revisions\/1461"}],"wp:attachment":[{"href":"https:\/\/michelschmidlin.com\/de\/wp-json\/wp\/v2\/media?parent=12"}],"curies":[{"name":"wp","href":"https:\/\/api.w.org\/{rel}","templated":true}]}}